{"id":13184,"date":"2024-07-29T16:39:27","date_gmt":"2024-07-29T14:39:27","guid":{"rendered":"https:\/\/lumoral.zeroplaque.ch\/professional\/warum-lumoral\/"},"modified":"2025-09-19T11:18:35","modified_gmt":"2025-09-19T09:18:35","slug":"pourquoi-lumoral","status":"publish","type":"page","link":"https:\/\/lumoral.zeroplaque.ch\/fr\/professionnel\/pourquoi-lumoral\/","title":{"rendered":"Pourquoi Lumoral ?"},"content":{"rendered":"\t\t<div data-elementor-type=\"wp-page\" data-elementor-id=\"13184\" class=\"elementor elementor-13184 elementor-48\" data-elementor-post-type=\"page\">\n\t\t\t\t<div data-dce-background-image-url=\"https:\/\/lumoral.zeroplaque.ch\/wp-content\/uploads\/2024\/08\/warum-hero-banner.jpg\" class=\"elementor-element elementor-element-a0371bb e-flex e-con-boxed e-con e-parent\" data-id=\"a0371bb\" data-element_type=\"container\" data-settings=\"{&quot;background_background&quot;:&quot;classic&quot;}\">\n\t\t\t\t\t<div class=\"e-con-inner\">\n\t\t\t\t\t<\/div>\n\t\t\t\t<\/div>\n\t\t<div class=\"elementor-element elementor-element-90fe61c e-flex e-con-boxed e-con e-parent\" data-id=\"90fe61c\" data-element_type=\"container\">\n\t\t\t\t\t<div class=\"e-con-inner\">\n\t\t<div class=\"elementor-element elementor-element-63305ac e-con-full e-flex e-con e-child\" data-id=\"63305ac\" data-element_type=\"container\">\n\t\t\t\t<div class=\"elementor-element elementor-element-5757f7bb elementor-widget elementor-widget-heading\" data-id=\"5757f7bb\" data-element_type=\"widget\" data-widget_type=\"heading.default\">\n\t\t\t\t<div class=\"elementor-widget-container\">\n\t\t\t\t\t<h1 class=\"elementor-heading-title elementor-size-default\">Pourquoi Lumoral ?<\/h1>\t\t\t\t<\/div>\n\t\t\t\t<\/div>\n\t\t\t\t<div class=\"elementor-element elementor-element-5407381b elementor-widget elementor-widget-heading\" data-id=\"5407381b\" data-element_type=\"widget\" data-widget_type=\"heading.default\">\n\t\t\t\t<div class=\"elementor-widget-container\">\n\t\t\t\t\t<h2 class=\"elementor-heading-title elementor-size-default\">La sant\u00e9 bucco-dentaire influence la sant\u00e9 g\u00e9n\u00e9rale !<\/h2>\t\t\t\t<\/div>\n\t\t\t\t<\/div>\n\t\t\t\t<\/div>\n\t\t<div class=\"elementor-element elementor-element-9cc9ded e-con-full e-flex e-con e-child\" data-id=\"9cc9ded\" data-element_type=\"container\">\n\t\t\t\t<div class=\"elementor-element elementor-element-014f639 elementor-widget elementor-widget-image\" data-id=\"014f639\" data-element_type=\"widget\" data-widget_type=\"image.default\">\n\t\t\t\t<div class=\"elementor-widget-container\">\n\t\t\t\t\t\t\t\t\t\t\t\t\t\t\t<img decoding=\"async\" width=\"251\" height=\"88\" src=\"https:\/\/lumoral.zeroplaque.ch\/wp-content\/uploads\/2025\/09\/Klinisch-getestet-FR.svg\" class=\"attachment-large size-large wp-image-13115\" alt=\"\" \/>\t\t\t\t\t\t\t\t\t\t\t\t\t\t\t<\/div>\n\t\t\t\t<\/div>\n\t\t\t\t<\/div>\n\t\t\t\t\t<\/div>\n\t\t\t\t<\/div>\n\t\t<div class=\"elementor-element elementor-element-1ca36ce e-flex e-con-boxed e-con e-parent\" data-id=\"1ca36ce\" data-element_type=\"container\">\n\t\t\t\t\t<div class=\"e-con-inner\">\n\t\t\t\t<div class=\"elementor-element elementor-element-f7ce8b4 elementor-widget elementor-widget-text-editor\" data-id=\"f7ce8b4\" data-element_type=\"widget\" data-widget_type=\"text-editor.default\">\n\t\t\t\t<div class=\"elementor-widget-container\">\n\t\t\t\t\t\t\t\t\tLes probl\u00e8mes les plus fr\u00e9quents et les plus difficiles en dentisterie sont caus\u00e9s par les caries ou la parodontite (inflammation chronique des tissus gingivaux). Ces maladies sont caus\u00e9es par des biofilms bact\u00e9riens. Elles sont tr\u00e8s r\u00e9pandues, mais restent souvent asymptomatiques pendant longtemps. La plupart de vos patients adultes pr\u00e9sentent un certain degr\u00e9 d&rsquo;inflammation bact\u00e9rienne au niveau des dents ou des tissus gingivaux. Lumoral aide \u00e0 lutter de mani\u00e8re cibl\u00e9e contre ces bact\u00e9ries du biofilm.\t\t\t\t\t\t\t\t<\/div>\n\t\t\t\t<\/div>\n\t\t\t\t<div class=\"elementor-element elementor-element-50d4174 elementor-widget elementor-widget-heading\" data-id=\"50d4174\" data-element_type=\"widget\" data-widget_type=\"heading.default\">\n\t\t\t\t<div class=\"elementor-widget-container\">\n\t\t\t\t\t<h3 class=\"elementor-heading-title elementor-size-default\">C'est pourquoi Lumoral a lanc\u00e9 le \u00ab programme zeroPlaque \u00bb dans le but d'am\u00e9liorer la sant\u00e9 bucco-dentaire et, par cons\u00e9quent, la sant\u00e9 g\u00e9n\u00e9rale de vos patients.<\/h3>\t\t\t\t<\/div>\n\t\t\t\t<\/div>\n\t\t\t\t<div class=\"elementor-element elementor-element-1a166d1 elementor-widget elementor-widget-text-editor\" data-id=\"1a166d1\" data-element_type=\"widget\" data-widget_type=\"text-editor.default\">\n\t\t\t\t<div class=\"elementor-widget-container\">\n\t\t\t\t\t\t\t\t\t<p>Les maladies des gencives sont associ\u00e9es au d\u00e9veloppement et \u00e0 l&rsquo;aggravation de diverses maladies chroniques. Parmi ces maladies figurent les maladies cardiovasculaires, les maladies pulmonaires chroniques, les rhumatismes et le diab\u00e8te. Les grossesses \u00e0 risque sont \u00e9galement associ\u00e9es aux maladies gingivales. Lumoral peut am\u00e9liorer l&rsquo;hygi\u00e8ne bucco-dentaire et \u00e9liminer les bact\u00e9ries associ\u00e9es aux inflammations de la cavit\u00e9 buccale.<\/p><p>Lumoral peut \u00eatre utilis\u00e9 et dos\u00e9 de mani\u00e8re cibl\u00e9e par vos patients en fonction du risque afin d&rsquo;am\u00e9liorer leur sant\u00e9 bucco-dentaire et d&rsquo;obtenir des effets positifs sur leur sant\u00e9 g\u00e9n\u00e9rale. Le dosage d\u00e9pend du risque individuel de maladie. En tant que dentiste ou sp\u00e9cialiste en prophylaxie, nous vous recommandons de v\u00e9rifier r\u00e9guli\u00e8rement le dosage de Lumoral et de l&rsquo;ajuster si n\u00e9cessaire. Dans le cadre d&rsquo;une utilisation pr\u00e9ventive de Lumoral, vous devez recommander \u00e0 vos patients de l&rsquo;utiliser au moins deux fois par semaine. En cas de risque \u00e9lev\u00e9 de parodontite, une utilisation de Lumoral jusqu&rsquo;\u00e0 deux fois par jour peut \u00e9galement \u00eatre indiqu\u00e9e.<\/p><p>La m\u00e9thode Lumoral doit toujours \u00eatre utilis\u00e9e en compl\u00e9ment, et non en remplacement, de bonnes habitudes d&rsquo;hygi\u00e8ne bucco-dentaire quotidiennes. Vos patients doivent se brosser les dents au moins deux fois par jour et utiliser du fil dentaire ou des brossettes interdentaires.<\/p>\t\t\t\t\t\t\t\t<\/div>\n\t\t\t\t<\/div>\n\t\t\t\t\t<\/div>\n\t\t\t\t<\/div>\n\t\t<div class=\"elementor-element elementor-element-5887570 e-flex e-con-boxed e-con e-parent\" data-id=\"5887570\" data-element_type=\"container\">\n\t\t\t\t\t<div class=\"e-con-inner\">\n\t\t\t\t<div class=\"elementor-element elementor-element-e34a81b elementor-widget elementor-widget-heading\" data-id=\"e34a81b\" data-element_type=\"widget\" data-widget_type=\"heading.default\">\n\t\t\t\t<div class=\"elementor-widget-container\">\n\t\t\t\t\t<h2 class=\"elementor-heading-title elementor-size-default\">Les domaines d'indication de Lumoral<\/h2>\t\t\t\t<\/div>\n\t\t\t\t<\/div>\n\t\t\t\t\t<\/div>\n\t\t\t\t<\/div>\n\t\t<div class=\"elementor-element elementor-element-c3f0e8b e-flex e-con-boxed e-con e-parent\" data-id=\"c3f0e8b\" data-element_type=\"container\">\n\t\t\t\t\t<div class=\"e-con-inner\">\n\t\t<div class=\"elementor-element elementor-element-20eab40 e-con-full e-flex e-con e-child\" data-id=\"20eab40\" data-element_type=\"container\">\n\t\t\t\t<div class=\"elementor-element elementor-element-06df28a elementor-icon-list--layout-traditional elementor-list-item-link-full_width elementor-widget elementor-widget-icon-list\" data-id=\"06df28a\" data-element_type=\"widget\" data-widget_type=\"icon-list.default\">\n\t\t\t\t<div class=\"elementor-widget-container\">\n\t\t\t\t\t\t\t<ul class=\"elementor-icon-list-items\">\n\t\t\t\t\t\t\t<li class=\"elementor-icon-list-item\">\n\t\t\t\t\t\t\t\t\t\t\t<span class=\"elementor-icon-list-icon\">\n\t\t\t\t\t\t\t<svg xmlns=\"http:\/\/www.w3.org\/2000\/svg\" id=\"Ebene_1\" data-name=\"Ebene 1\" width=\"200mm\" height=\"200mm\" viewBox=\"0 0 566.93 566.93\"><circle cx=\"283.46\" cy=\"281.25\" r=\"267.05\" style=\"fill: #009146;\"><\/circle><path d=\"m265.15,424.45v-194.31h-75.33v-45.8c10.55.29,20.76-.5,30.6-2.35,9.84-1.85,18.69-5.14,26.54-9.84,7.84-4.71,14.48-10.91,19.9-18.62,5.42-7.7,8.99-17.26,10.7-28.68h48.36v299.6h-60.78Z\" style=\"fill: #fff;\"><\/path><\/svg>\t\t\t\t\t\t<\/span>\n\t\t\t\t\t\t\t\t\t\t<span class=\"elementor-icon-list-text\"><b>Caries<\/b> - Les dommages caus\u00e9s \u00e0 la surface des dents par le m\u00e9tabolisme du Streptococcus mutans entra\u00eenent une attaque de l'\u00e9mail dentaire par les acides. Lumoral est tr\u00e8s efficace contre le Streptococcus mutans et d'autres germes.<\/span>\n\t\t\t\t\t\t\t\t\t<\/li>\n\t\t\t\t\t\t\t\t<li class=\"elementor-icon-list-item\">\n\t\t\t\t\t\t\t\t\t\t\t<span class=\"elementor-icon-list-icon\">\n\t\t\t\t\t\t\t<svg xmlns=\"http:\/\/www.w3.org\/2000\/svg\" id=\"Ebene_1\" data-name=\"Ebene 1\" width=\"200mm\" height=\"200mm\" viewBox=\"0 0 566.93 566.93\"><circle cx=\"282.82\" cy=\"281.16\" r=\"267.05\" style=\"fill: #009146;\"><\/circle><path d=\"m188.37,192.26c4.56-14.69,11.41-27.53,20.54-38.52,9.13-10.98,20.61-19.54,34.46-25.68,13.84-6.13,29.75-9.2,47.72-9.2,13.7,0,26.75,2.14,39.16,6.42,12.41,4.28,23.33,10.42,32.74,18.4,9.42,7.99,16.91,17.84,22.47,29.53,5.56,11.7,8.35,24.82,8.35,39.38s-2.43,28.11-7.28,38.95c-4.86,10.85-11.28,20.48-19.26,28.89-7.99,8.42-17.05,16.05-27.18,22.9-10.13,6.85-20.33,13.63-30.6,20.33-10.27,6.71-20.26,13.91-29.96,21.61-9.7,7.7-18.26,16.69-25.68,26.96h141.67v52.22h-219.99c0-17.4,2.49-32.53,7.49-45.37,4.99-12.84,11.77-24.32,20.33-34.46,8.56-10.12,18.62-19.47,30.17-28.03,11.56-8.56,23.75-17.26,36.59-26.11,6.56-4.56,13.55-9.2,20.97-13.91,7.42-4.71,14.19-9.91,20.33-15.62,6.13-5.7,11.27-12.12,15.41-19.26,4.13-7.13,6.21-15.26,6.21-24.4,0-14.55-4.21-25.89-12.63-34.03-8.42-8.13-19.19-12.2-32.31-12.2-8.85,0-16.34,2.07-22.47,6.21-6.14,4.14-11.06,9.56-14.77,16.26-3.71,6.71-6.35,14.12-7.92,22.26-1.57,8.13-2.35,16.2-2.35,24.18h-58.21c-.58-17.12,1.42-33.02,5.99-47.72Z\" style=\"fill: #fff;\"><\/path><\/svg>\t\t\t\t\t\t<\/span>\n\t\t\t\t\t\t\t\t\t\t<span class=\"elementor-icon-list-text\"><b>Inflammation des gencives, gingivite, parodontite <\/b> - maladies bact\u00e9riennes des gencives qui, si elles ne sont pas trait\u00e9es, peuvent entra\u00eener la perte des dents, la mise \u00e0 nu des racines et des maladies syst\u00e9miques.<\/span>\n\t\t\t\t\t\t\t\t\t<\/li>\n\t\t\t\t\t\t\t\t<li class=\"elementor-icon-list-item\">\n\t\t\t\t\t\t\t\t\t\t\t<span class=\"elementor-icon-list-icon\">\n\t\t\t\t\t\t\t<svg xmlns=\"http:\/\/www.w3.org\/2000\/svg\" id=\"Ebene_1\" data-name=\"Ebene 1\" width=\"200mm\" height=\"200mm\" viewBox=\"0 0 566.93 566.93\"><circle cx=\"283.46\" cy=\"281.16\" r=\"267.05\" style=\"fill: #009146;\"><\/circle><path d=\"m283.05,255c7.42-.57,14.34-2.21,20.76-4.92,6.42-2.71,11.7-6.63,15.84-11.77,4.13-5.14,6.21-11.98,6.21-20.54,0-12.84-4.28-22.68-12.84-29.53-8.56-6.85-18.4-10.27-29.53-10.27-15.41,0-27.04,5.07-34.88,15.19-7.85,10.13-11.63,22.9-11.34,38.31h-57.78c.57-15.41,3.35-29.46,8.35-42.16,4.99-12.69,11.98-23.61,20.97-32.74,8.99-9.13,19.76-16.19,32.31-21.19,12.55-4.99,26.54-7.49,41.95-7.49,11.98,0,23.97,1.79,35.95,5.35,11.98,3.57,22.75,8.92,32.31,16.05,9.56,7.14,17.33,15.84,23.33,26.11s8.99,22.12,8.99,35.52c0,14.55-3.5,27.39-10.49,38.52-7,11.13-17.48,18.69-31.46,22.68v.86c16.54,3.71,29.53,11.7,38.95,23.97,9.42,12.27,14.12,26.96,14.12,44.08,0,15.7-3.07,29.68-9.2,41.94-6.14,12.27-14.34,22.54-24.61,30.82-10.27,8.28-22.12,14.55-35.52,18.83-13.42,4.28-27.39,6.42-41.94,6.42-16.84,0-32.17-2.43-46.01-7.28-13.84-4.85-25.61-11.91-35.31-21.19-9.7-9.27-17.19-20.61-22.47-34.03-5.28-13.41-7.78-28.82-7.49-46.23h57.78c.28,7.99,1.56,15.62,3.85,22.9,2.28,7.28,5.56,13.56,9.84,18.83,4.28,5.28,9.63,9.49,16.05,12.63,6.42,3.14,14.05,4.71,22.9,4.71,13.7,0,25.25-4.21,34.67-12.63,9.42-8.41,14.12-19.9,14.12-34.45,0-11.41-2.21-20.12-6.63-26.11-4.43-5.99-10.06-10.34-16.91-13.05-6.85-2.71-14.34-4.28-22.47-4.71s-15.91-.64-23.33-.64v-42.8c6.56.58,13.55.58,20.97,0Z\" style=\"fill: #fff;\"><\/path><\/svg>\t\t\t\t\t\t<\/span>\n\t\t\t\t\t\t\t\t\t\t<span class=\"elementor-icon-list-text\"><b>Halitose, mauvaise haleine chronique <\/b> - Les bact\u00e9ries buccales produisent des compos\u00e9s soufr\u00e9s qui provoquent une haleine d\u00e9sagr\u00e9able. C'est contre ces bact\u00e9ries que Lumoral d\u00e9ploie tout son potentiel antibact\u00e9rien.<\/span>\n\t\t\t\t\t\t\t\t\t<\/li>\n\t\t\t\t\t\t\t\t<li class=\"elementor-icon-list-item\">\n\t\t\t\t\t\t\t\t\t\t\t<span class=\"elementor-icon-list-icon\">\n\t\t\t\t\t\t\t<svg xmlns=\"http:\/\/www.w3.org\/2000\/svg\" xmlns:xlink=\"http:\/\/www.w3.org\/1999\/xlink\" id=\"Ebene_1\" x=\"0px\" y=\"0px\" width=\"566.93px\" height=\"566.93px\" viewBox=\"0 0 566.93 566.93\" xml:space=\"preserve\">  <circle fill=\"#009146\" cx=\"285.46\" cy=\"281.53\" r=\"267.05\"><\/circle>  <g>\t<path fill=\"#FFFFFF\" d=\"M173.59,361.81V306.3l129.8-174.21h54.23v179.76h39.71v49.96h-39.71v69.17h-57.64v-69.17H173.59z    M298.7,208.09l-77.29,103.76h78.57V208.09H298.7z\"><\/path><\/g><\/svg>\t\t\t\t\t\t<\/span>\n\t\t\t\t\t\t\t\t\t\t<span class=\"elementor-icon-list-text\"><b>Mucite buccale<\/b> - L\u00e9sions buccales ulc\u00e9reuses ou \u00e9ryth\u00e9mateuses cons\u00e9cutives \u00e0 des traitements anticanc\u00e9reux ou \u00e0 des maladies syst\u00e9miques.<\/span>\n\t\t\t\t\t\t\t\t\t<\/li>\n\t\t\t\t\t\t\t\t<li class=\"elementor-icon-list-item\">\n\t\t\t\t\t\t\t\t\t\t\t<span class=\"elementor-icon-list-icon\">\n\t\t\t\t\t\t\t<svg xmlns=\"http:\/\/www.w3.org\/2000\/svg\" xmlns:xlink=\"http:\/\/www.w3.org\/1999\/xlink\" id=\"Ebene_1\" x=\"0px\" y=\"0px\" width=\"566.93px\" height=\"566.93px\" viewBox=\"0 0 566.93 566.93\" xml:space=\"preserve\">  <circle fill=\"#009146\" cx=\"285.05\" cy=\"283.92\" r=\"267.05\"><\/circle>  <g>\t<path fill=\"#FFFFFF\" d=\"M256.44,181.65l-11.96,67.89l0.85,0.85c8.25-8.25,17.08-14.16,26.47-17.72c9.39-3.56,20.07-5.34,32.02-5.34   c14.8,0,27.89,2.71,39.28,8.11c11.38,5.41,20.99,12.67,28.82,21.78c7.83,9.11,13.8,19.85,17.93,32.24   c4.12,12.38,6.19,25.55,6.19,39.5c0,15.37-2.99,29.68-8.97,42.91c-5.98,13.24-14.02,24.7-24.12,34.37   c-10.11,9.68-21.85,17.15-35.23,22.42c-13.38,5.26-27.61,7.75-42.7,7.47c-14.52,0-28.39-1.92-41.63-5.76   c-13.24-3.84-24.98-9.75-35.23-17.72c-10.25-7.97-18.43-17.86-24.55-29.68c-6.12-11.81-9.33-25.55-9.61-41.2h60.63   c1.42,13.66,6.54,24.55,15.37,32.66c8.82,8.11,20.07,12.17,33.73,12.17c7.97,0,15.16-1.63,21.56-4.91   c6.41-3.27,11.81-7.54,16.23-12.81c4.41-5.26,7.83-11.38,10.25-18.36c2.42-6.97,3.63-14.16,3.63-21.56   c0-7.69-1.14-14.94-3.42-21.78c-2.28-6.83-5.7-12.81-10.25-17.93c-4.56-5.12-9.97-9.11-16.23-11.96   c-6.26-2.84-13.52-4.27-21.78-4.27c-10.82,0-19.64,1.92-26.47,5.76c-6.83,3.84-13.24,9.89-19.21,18.15h-54.66l29.46-165.24h166.95   v49.96H256.44z\"><\/path><\/g><\/svg>\t\t\t\t\t\t<\/span>\n\t\t\t\t\t\t\t\t\t\t<span class=\"elementor-icon-list-text\"><b>Mucosite p\u00e9ri-implantaire <\/b> - Inflammation des tissus mous autour d'un implant dentaire caus\u00e9e par des bact\u00e9ries.<\/span>\n\t\t\t\t\t\t\t\t\t<\/li>\n\t\t\t\t\t\t<\/ul>\n\t\t\t\t\t\t<\/div>\n\t\t\t\t<\/div>\n\t\t\t\t<\/div>\n\t\t<div class=\"elementor-element elementor-element-649a890 e-con-full e-flex e-con e-child\" data-id=\"649a890\" data-element_type=\"container\">\n\t\t\t\t<div class=\"elementor-element elementor-element-00a188b elementor-widget elementor-widget-image\" data-id=\"00a188b\" data-element_type=\"widget\" data-widget_type=\"image.default\">\n\t\t\t\t<div class=\"elementor-widget-container\">\n\t\t\t\t\t\t\t\t\t\t\t\t\t\t\t<img decoding=\"async\" width=\"251\" height=\"88\" src=\"https:\/\/lumoral.zeroplaque.ch\/wp-content\/uploads\/2025\/09\/Klinisch-getestet-FR.svg\" class=\"attachment-large size-large wp-image-13115\" alt=\"\" \/>\t\t\t\t\t\t\t\t\t\t\t\t\t\t\t<\/div>\n\t\t\t\t<\/div>\n\t\t\t\t<\/div>\n\t\t\t\t\t<\/div>\n\t\t\t\t<\/div>\n\t\t\t\t<\/div>\n\t\t","protected":false},"excerpt":{"rendered":"<p>Pourquoi Lumoral ? La sant\u00e9 bucco-dentaire influence la sant\u00e9 g\u00e9n\u00e9rale ! Les probl\u00e8mes les plus fr\u00e9quents et les plus difficiles [&hellip;]<\/p>\n","protected":false},"author":1,"featured_media":0,"parent":13076,"menu_order":13,"comment_status":"closed","ping_status":"closed","template":"","meta":{"_acf_changed":false,"_seopress_robots_primary_cat":"","_seopress_titles_title":"","_seopress_titles_desc":"","_seopress_robots_index":"","site-sidebar-layout":"no-sidebar","site-content-layout":"","ast-site-content-layout":"full-width-container","site-content-style":"default","site-sidebar-style":"default","ast-global-header-display":"","ast-banner-title-visibility":"","ast-main-header-display":"","ast-hfb-above-header-display":"","ast-hfb-below-header-display":"","ast-hfb-mobile-header-display":"","site-post-title":"disabled","ast-breadcrumbs-content":"","ast-featured-img":"disabled","footer-sml-layout":"","ast-disable-related-posts":"","theme-transparent-header-meta":"","adv-header-id-meta":"","stick-header-meta":"","header-above-stick-meta":"","header-main-stick-meta":"","header-below-stick-meta":"","astra-migrate-meta-layouts":"default","ast-page-background-enabled":"default","ast-page-background-meta":{"desktop":{"background-color":"var(--ast-global-color-4)","background-image":"","background-repeat":"repeat","background-position":"center center","background-size":"auto","background-attachment":"scroll","background-type":"","background-media":"","overlay-type":"","overlay-color":"","overlay-opacity":"","overlay-gradient":""},"tablet":{"background-color":"","background-image":"","background-repeat":"repeat","background-position":"center center","background-size":"auto","background-attachment":"scroll","background-type":"","background-media":"","overlay-type":"","overlay-color":"","overlay-opacity":"","overlay-gradient":""},"mobile":{"background-color":"","background-image":"","background-repeat":"repeat","background-position":"center center","background-size":"auto","background-attachment":"scroll","background-type":"","background-media":"","overlay-type":"","overlay-color":"","overlay-opacity":"","overlay-gradient":""}},"ast-content-background-meta":{"desktop":{"background-color":"var(--ast-global-color-5)","background-image":"","background-repeat":"repeat","background-position":"center center","background-size":"auto","background-attachment":"scroll","background-type":"","background-media":"","overlay-type":"","overlay-color":"","overlay-opacity":"","overlay-gradient":""},"tablet":{"background-color":"var(--ast-global-color-5)","background-image":"","background-repeat":"repeat","background-position":"center center","background-size":"auto","background-attachment":"scroll","background-type":"","background-media":"","overlay-type":"","overlay-color":"","overlay-opacity":"","overlay-gradient":""},"mobile":{"background-color":"var(--ast-global-color-5)","background-image":"","background-repeat":"repeat","background-position":"center center","background-size":"auto","background-attachment":"scroll","background-type":"","background-media":"","overlay-type":"","overlay-color":"","overlay-opacity":"","overlay-gradient":""}},"iawp_total_views":7,"footnotes":""},"class_list":["post-13184","page","type-page","status-publish","hentry"],"acf":[],"_links":{"self":[{"href":"https:\/\/lumoral.zeroplaque.ch\/fr\/wp-json\/wp\/v2\/pages\/13184","targetHints":{"allow":["GET"]}}],"collection":[{"href":"https:\/\/lumoral.zeroplaque.ch\/fr\/wp-json\/wp\/v2\/pages"}],"about":[{"href":"https:\/\/lumoral.zeroplaque.ch\/fr\/wp-json\/wp\/v2\/types\/page"}],"author":[{"embeddable":true,"href":"https:\/\/lumoral.zeroplaque.ch\/fr\/wp-json\/wp\/v2\/users\/1"}],"replies":[{"embeddable":true,"href":"https:\/\/lumoral.zeroplaque.ch\/fr\/wp-json\/wp\/v2\/comments?post=13184"}],"version-history":[{"count":8,"href":"https:\/\/lumoral.zeroplaque.ch\/fr\/wp-json\/wp\/v2\/pages\/13184\/revisions"}],"predecessor-version":[{"id":13240,"href":"https:\/\/lumoral.zeroplaque.ch\/fr\/wp-json\/wp\/v2\/pages\/13184\/revisions\/13240"}],"up":[{"embeddable":true,"href":"https:\/\/lumoral.zeroplaque.ch\/fr\/wp-json\/wp\/v2\/pages\/13076"}],"wp:attachment":[{"href":"https:\/\/lumoral.zeroplaque.ch\/fr\/wp-json\/wp\/v2\/media?parent=13184"}],"curies":[{"name":"wp","href":"https:\/\/api.w.org\/{rel}","templated":true}]}}