{"id":13285,"date":"2024-07-29T16:43:38","date_gmt":"2024-07-29T14:43:38","guid":{"rendered":"https:\/\/lumoral.zeroplaque.ch\/anwenderstimmen\/"},"modified":"2025-09-23T10:37:33","modified_gmt":"2025-09-23T08:37:33","slug":"temoignages-dutilisateurs","status":"publish","type":"page","link":"https:\/\/lumoral.zeroplaque.ch\/fr\/professionnel\/science\/temoignages-dutilisateurs\/","title":{"rendered":"T\u00e9moignages d&rsquo;utilisateurs"},"content":{"rendered":"\t\t<div data-elementor-type=\"wp-page\" data-elementor-id=\"13285\" class=\"elementor elementor-13285 elementor-66\" data-elementor-post-type=\"page\">\n\t\t\t\t<div data-dce-background-image-url=\"https:\/\/lumoral.zeroplaque.ch\/wp-content\/uploads\/2024\/08\/Lumoral-Header-Anwender-1600px.jpg\" class=\"elementor-element elementor-element-9cfd5fd e-flex e-con-boxed e-con e-parent\" data-id=\"9cfd5fd\" data-element_type=\"container\" data-settings=\"{&quot;background_background&quot;:&quot;classic&quot;}\">\n\t\t\t\t\t<div class=\"e-con-inner\">\n\t\t\t\t\t<\/div>\n\t\t\t\t<\/div>\n\t\t<div class=\"elementor-element elementor-element-6df3f59 e-flex e-con-boxed e-con e-parent\" data-id=\"6df3f59\" data-element_type=\"container\">\n\t\t\t\t\t<div class=\"e-con-inner\">\n\t\t<div class=\"elementor-element elementor-element-bc97724 e-con-full e-flex e-con e-child\" data-id=\"bc97724\" data-element_type=\"container\">\n\t\t\t\t<div class=\"elementor-element elementor-element-2b0563cd elementor-widget elementor-widget-heading\" data-id=\"2b0563cd\" data-element_type=\"widget\" data-widget_type=\"heading.default\">\n\t\t\t\t<div class=\"elementor-widget-container\">\n\t\t\t\t\t<h1 class=\"elementor-heading-title elementor-size-default\">Avis des utilisateurs<\/h1>\t\t\t\t<\/div>\n\t\t\t\t<\/div>\n\t\t\t\t<div class=\"elementor-element elementor-element-c47e2e9 elementor-widget elementor-widget-heading\" data-id=\"c47e2e9\" data-element_type=\"widget\" data-widget_type=\"heading.default\">\n\t\t\t\t<div class=\"elementor-widget-container\">\n\t\t\t\t\t<h2 class=\"elementor-heading-title elementor-size-default\">Lumoral \u2013 enthousiasme des professionnels !<\/h2>\t\t\t\t<\/div>\n\t\t\t\t<\/div>\n\t\t\t\t<\/div>\n\t\t<div class=\"elementor-element elementor-element-6f04177 e-con-full e-flex e-con e-child\" data-id=\"6f04177\" data-element_type=\"container\">\n\t\t\t\t<div class=\"elementor-element elementor-element-bb979d7 elementor-widget elementor-widget-image\" data-id=\"bb979d7\" data-element_type=\"widget\" data-widget_type=\"image.default\">\n\t\t\t\t<div class=\"elementor-widget-container\">\n\t\t\t\t\t\t\t\t\t\t\t\t\t\t\t<img decoding=\"async\" width=\"251\" height=\"88\" src=\"https:\/\/lumoral.zeroplaque.ch\/wp-content\/uploads\/2025\/09\/Klinisch-getestet-FR.svg\" class=\"attachment-large size-large wp-image-13115\" alt=\"\" \/>\t\t\t\t\t\t\t\t\t\t\t\t\t\t\t<\/div>\n\t\t\t\t<\/div>\n\t\t\t\t<\/div>\n\t\t\t\t\t<\/div>\n\t\t\t\t<\/div>\n\t\t<div class=\"elementor-element elementor-element-528c87e e-flex e-con-boxed e-con e-parent\" data-id=\"528c87e\" data-element_type=\"container\">\n\t\t\t\t\t<div class=\"e-con-inner\">\n\t\t\t\t<div class=\"elementor-element elementor-element-44533b1 elementor-grid-2 elementor-grid-tablet-2 elementor-grid-mobile-1 elementor-widget elementor-widget-loop-grid\" data-id=\"44533b1\" data-element_type=\"widget\" data-settings=\"{&quot;template_id&quot;:3143,&quot;columns&quot;:2,&quot;_skin&quot;:&quot;post&quot;,&quot;columns_tablet&quot;:&quot;2&quot;,&quot;columns_mobile&quot;:&quot;1&quot;,&quot;edit_handle_selector&quot;:&quot;[data-elementor-type=\\&quot;loop-item\\&quot;]&quot;,&quot;row_gap&quot;:{&quot;unit&quot;:&quot;px&quot;,&quot;size&quot;:&quot;&quot;,&quot;sizes&quot;:[]},&quot;row_gap_tablet&quot;:{&quot;unit&quot;:&quot;px&quot;,&quot;size&quot;:&quot;&quot;,&quot;sizes&quot;:[]},&quot;row_gap_mobile&quot;:{&quot;unit&quot;:&quot;px&quot;,&quot;size&quot;:&quot;&quot;,&quot;sizes&quot;:[]}}\" data-widget_type=\"loop-grid.post\">\n\t\t\t\t<div class=\"elementor-widget-container\">\n\t\t\t\t\t\t\t<div class=\"elementor-loop-container elementor-grid\" role=\"list\">\n\t\t<style id=\"loop-3143\">.elementor-3143 .elementor-element.elementor-element-1a521c8{--display:flex;--flex-direction:row;--container-widget-width:initial;--container-widget-height:100%;--container-widget-flex-grow:1;--container-widget-align-self:stretch;--flex-wrap-mobile:wrap;--gap:0px 0px;--row-gap:0px;--column-gap:0px;}.elementor-3143 .elementor-element.elementor-element-fd2ecf3{--display:flex;--flex-direction:column;--container-widget-width:100%;--container-widget-height:initial;--container-widget-flex-grow:0;--container-widget-align-self:initial;--flex-wrap-mobile:wrap;--justify-content:center;}.elementor-3143 .elementor-element.elementor-element-05c23ce{--image-border-radius:50%;--image-transition-duration:800ms;--content-text-align:center;--content-padding:20px;--content-transition-duration:800ms;--content-transition-delay:800ms;}.elementor-3143 .elementor-element.elementor-element-3a2c8fb{--display:flex;--flex-direction:column;--container-widget-width:100%;--container-widget-height:initial;--container-widget-flex-grow:0;--container-widget-align-self:initial;--flex-wrap-mobile:wrap;--padding-top:0px;--padding-bottom:0px;--padding-left:25px;--padding-right:0px;}.elementor-3143 .elementor-element.elementor-element-06fc190 .elementor-blockquote__content{font-family:var( --e-global-typography-accent-font-family ), Sans-serif;font-size:var( --e-global-typography-accent-font-size );font-weight:var( --e-global-typography-accent-font-weight );}.elementor-3143 .elementor-element.elementor-element-06fc190 .elementor-blockquote__author{color:var( --e-global-color-primary );font-family:var( --e-global-typography-secondary-font-family ), Sans-serif;font-weight:var( --e-global-typography-secondary-font-weight );}.elementor-3143 .elementor-element.elementor-element-06fc190 .elementor-blockquote:before{color:var( --e-global-color-primary );font-size:calc(1.2px * 100);}@media(max-width:1024px){.elementor-3143 .elementor-element.elementor-element-06fc190 .elementor-blockquote__content{font-size:var( --e-global-typography-accent-font-size );}}@media(min-width:768px){.elementor-3143 .elementor-element.elementor-element-fd2ecf3{--width:20%;}.elementor-3143 .elementor-element.elementor-element-3a2c8fb{--width:80%;}}@media(max-width:767px){.elementor-3143 .elementor-element.elementor-element-fd2ecf3{--align-items:center;--container-widget-width:calc( ( 1 - var( --container-widget-flex-grow ) ) * 100% );}.elementor-3143 .elementor-element.elementor-element-fd2ecf3.e-con{--align-self:center;}.elementor-3143 .elementor-element.elementor-element-05c23ce{width:var( --container-widget-width, 160px );max-width:160px;--container-widget-width:160px;--container-widget-flex-grow:0;}.elementor-3143 .elementor-element.elementor-element-06fc190 .elementor-blockquote__content{font-size:var( --e-global-typography-accent-font-size );}}<\/style>\t\t<div data-elementor-type=\"loop-item\" data-elementor-id=\"3143\" class=\"elementor elementor-3143 e-loop-item e-loop-item-12778 post-12778 experte type-experte status-publish hentry\" data-elementor-post-type=\"elementor_library\" data-custom-edit-handle=\"1\">\n\t\t\t<div class=\"elementor-element elementor-element-1a521c8 e-flex e-con-boxed e-con e-parent\" data-id=\"1a521c8\" data-element_type=\"container\">\n\t\t\t\t\t<div class=\"e-con-inner\">\n\t\t<div class=\"elementor-element elementor-element-fd2ecf3 e-con-full e-flex e-con e-child\" data-id=\"fd2ecf3\" data-element_type=\"container\">\n\t\t\t\t<div class=\"elementor-element elementor-element-05c23ce elementor-widget-mobile__width-initial elementor-widget elementor-widget-gallery\" data-id=\"05c23ce\" data-element_type=\"widget\" data-settings=\"{&quot;columns&quot;:1,&quot;aspect_ratio&quot;:&quot;1:1&quot;,&quot;columns_tablet&quot;:1,&quot;gallery_layout&quot;:&quot;grid&quot;,&quot;columns_mobile&quot;:1,&quot;gap&quot;:{&quot;unit&quot;:&quot;px&quot;,&quot;size&quot;:10,&quot;sizes&quot;:[]},&quot;gap_tablet&quot;:{&quot;unit&quot;:&quot;px&quot;,&quot;size&quot;:10,&quot;sizes&quot;:[]},&quot;gap_mobile&quot;:{&quot;unit&quot;:&quot;px&quot;,&quot;size&quot;:10,&quot;sizes&quot;:[]},&quot;link_to&quot;:&quot;file&quot;,&quot;content_hover_animation&quot;:&quot;fade-in&quot;}\" data-widget_type=\"gallery.default\">\n\t\t\t\t<div class=\"elementor-widget-container\">\n\t\t\t\t\t\t\t<div class=\"elementor-gallery__container\">\n\t\t\t\t\t\t\t<a class=\"e-gallery-item elementor-gallery-item elementor-animated-content\" href=\"https:\/\/lumoral.zeroplaque.ch\/wp-content\/uploads\/2024\/08\/praxisDienste-PAss-Leitung-Sabrina-Hildebrand-1.png\" data-elementor-open-lightbox=\"yes\" data-elementor-lightbox-slideshow=\"05c23ce\" data-elementor-lightbox-title=\"praxisDienste-PAss-Leitung-Sabrina-Hildebrand (1)\" data-e-action-hash=\"#elementor-action%3Aaction%3Dlightbox%26settings%3DeyJpZCI6MTMyMDQsInVybCI6Imh0dHBzOlwvXC9sdW1vcmFsLnplcm9wbGFxdWUuY2hcL3dwLWNvbnRlbnRcL3VwbG9hZHNcLzIwMjRcLzA4XC9wcmF4aXNEaWVuc3RlLVBBc3MtTGVpdHVuZy1TYWJyaW5hLUhpbGRlYnJhbmQtMS5wbmciLCJzbGlkZXNob3ciOiIwNWMyM2NlIn0%3D\">\n\t\t\t\t\t<div class=\"e-gallery-image elementor-gallery-item__image\" data-thumbnail=\"https:\/\/lumoral.zeroplaque.ch\/wp-content\/uploads\/2024\/08\/praxisDienste-PAss-Leitung-Sabrina-Hildebrand-1.png\" data-width=\"250\" data-height=\"250\" aria-label=\"\" role=\"img\" ><\/div>\n\t\t\t\t\t\t\t\t\t\t\t\t\t\t<\/a>\n\t\t\t\t\t<\/div>\n\t\t\t\t\t<\/div>\n\t\t\t\t<\/div>\n\t\t\t\t<\/div>\n\t\t<div class=\"elementor-element elementor-element-3a2c8fb e-con-full e-flex e-con e-child\" data-id=\"3a2c8fb\" data-element_type=\"container\">\n\t\t\t\t<div class=\"elementor-element elementor-element-06fc190 elementor-blockquote--skin-quotation elementor-widget elementor-widget-blockquote\" data-id=\"06fc190\" data-element_type=\"widget\" data-widget_type=\"blockquote.default\">\n\t\t\t\t<div class=\"elementor-widget-container\">\n\t\t\t\t\t\t\t<blockquote class=\"elementor-blockquote\">\n\t\t\t<p class=\"elementor-blockquote__content\">\n\t\t\t\tLes r\u00e9sultats de la d\u00e9sinfection photodynamique \u00e9taient d\u00e9j\u00e0 tr\u00e8s bons et convaincants dans la pratique. Cependant, son utilisation en cabinet est \u00e9galement longue, co\u00fbteuse et fastidieuse pour les patients. Gr\u00e2ce \u00e0 cette application simple de la d\u00e9sinfection photodynamique \u00e0 domicile par les patients, nous disposons d\u00e9sormais de possibilit\u00e9s \u00e9tendues tr\u00e8s int\u00e9ressantes.\t\t\t<\/p>\n\t\t\t\t\t\t\t<div class=\"e-q-footer\">\n\t\t\t\t\t\t\t\t\t\t\t<cite class=\"elementor-blockquote__author\"><b>Sabine Hillebrand<\/b><br>Hygi\u00e9niste dentaire (B. Sc.)<\/cite>\n\t\t\t\t\t\t\t\t\t\t\t\t\t\t<\/div>\n\t\t\t\t\t<\/blockquote>\n\t\t\t\t\t\t<\/div>\n\t\t\t\t<\/div>\n\t\t\t\t<\/div>\n\t\t\t\t\t<\/div>\n\t\t\t\t<\/div>\n\t\t\t\t<\/div>\n\t\t\t\t<div data-elementor-type=\"loop-item\" data-elementor-id=\"3143\" class=\"elementor elementor-3143 e-loop-item e-loop-item-12776 post-12776 experte type-experte status-publish hentry experten-kategorie-experten-favorit\" data-elementor-post-type=\"elementor_library\" data-custom-edit-handle=\"1\">\n\t\t\t<div class=\"elementor-element elementor-element-1a521c8 e-flex e-con-boxed e-con e-parent\" data-id=\"1a521c8\" data-element_type=\"container\">\n\t\t\t\t\t<div class=\"e-con-inner\">\n\t\t<div class=\"elementor-element elementor-element-fd2ecf3 e-con-full e-flex e-con e-child\" data-id=\"fd2ecf3\" data-element_type=\"container\">\n\t\t\t\t<div class=\"elementor-element elementor-element-05c23ce elementor-widget-mobile__width-initial elementor-widget elementor-widget-gallery\" data-id=\"05c23ce\" data-element_type=\"widget\" data-settings=\"{&quot;columns&quot;:1,&quot;aspect_ratio&quot;:&quot;1:1&quot;,&quot;columns_tablet&quot;:1,&quot;gallery_layout&quot;:&quot;grid&quot;,&quot;columns_mobile&quot;:1,&quot;gap&quot;:{&quot;unit&quot;:&quot;px&quot;,&quot;size&quot;:10,&quot;sizes&quot;:[]},&quot;gap_tablet&quot;:{&quot;unit&quot;:&quot;px&quot;,&quot;size&quot;:10,&quot;sizes&quot;:[]},&quot;gap_mobile&quot;:{&quot;unit&quot;:&quot;px&quot;,&quot;size&quot;:10,&quot;sizes&quot;:[]},&quot;link_to&quot;:&quot;file&quot;,&quot;content_hover_animation&quot;:&quot;fade-in&quot;}\" data-widget_type=\"gallery.default\">\n\t\t\t\t<div class=\"elementor-widget-container\">\n\t\t\t\t\t\t\t<div class=\"elementor-gallery__container\">\n\t\t\t\t\t\t\t<a class=\"e-gallery-item elementor-gallery-item elementor-animated-content\" href=\"https:\/\/lumoral.zeroplaque.ch\/wp-content\/uploads\/2024\/08\/Experte.jpg\" data-elementor-open-lightbox=\"yes\" data-elementor-lightbox-slideshow=\"05c23ce\" data-elementor-lightbox-title=\"Experte\" data-e-action-hash=\"#elementor-action%3Aaction%3Dlightbox%26settings%3DeyJpZCI6MTI2MDcsInVybCI6Imh0dHBzOlwvXC9sdW1vcmFsLnplcm9wbGFxdWUuY2hcL3dwLWNvbnRlbnRcL3VwbG9hZHNcLzIwMjRcLzA4XC9FeHBlcnRlLmpwZyIsInNsaWRlc2hvdyI6IjA1YzIzY2UifQ%3D%3D\">\n\t\t\t\t\t<div class=\"e-gallery-image elementor-gallery-item__image\" data-thumbnail=\"https:\/\/lumoral.zeroplaque.ch\/wp-content\/uploads\/2024\/08\/Experte-768x768.jpg\" data-width=\"768\" data-height=\"768\" aria-label=\"\" role=\"img\" ><\/div>\n\t\t\t\t\t\t\t\t\t\t\t\t\t\t<\/a>\n\t\t\t\t\t<\/div>\n\t\t\t\t\t<\/div>\n\t\t\t\t<\/div>\n\t\t\t\t<\/div>\n\t\t<div class=\"elementor-element elementor-element-3a2c8fb e-con-full e-flex e-con e-child\" data-id=\"3a2c8fb\" data-element_type=\"container\">\n\t\t\t\t<div class=\"elementor-element elementor-element-06fc190 elementor-blockquote--skin-quotation elementor-widget elementor-widget-blockquote\" data-id=\"06fc190\" data-element_type=\"widget\" data-widget_type=\"blockquote.default\">\n\t\t\t\t<div class=\"elementor-widget-container\">\n\t\t\t\t\t\t\t<blockquote class=\"elementor-blockquote\">\n\t\t\t<p class=\"elementor-blockquote__content\">\n\t\t\t\tLes donn\u00e9es cliniques sont vraiment convaincantes. En particulier, la recommandation d'utilisation par un expert en prophylaxie sur la base du risque individuel rec\u00e8le un \u00e9norme potentiel pour un traitement cibl\u00e9 et sans effets secondaires. Le traitement de la parodontite, en particulier, sera durablement am\u00e9lior\u00e9 gr\u00e2ce \u00e0 Lumoral.\t\t\t<\/p>\n\t\t\t\t\t\t\t<div class=\"e-q-footer\">\n\t\t\t\t\t\t\t\t\t\t\t<cite class=\"elementor-blockquote__author\"><b>Prof. Dr m\u00e9d. dent. Werner Birglechner<\/b><br>dentiste<\/cite>\n\t\t\t\t\t\t\t\t\t\t\t\t\t\t<\/div>\n\t\t\t\t\t<\/blockquote>\n\t\t\t\t\t\t<\/div>\n\t\t\t\t<\/div>\n\t\t\t\t<\/div>\n\t\t\t\t\t<\/div>\n\t\t\t\t<\/div>\n\t\t\t\t<\/div>\n\t\t\t\t<div data-elementor-type=\"loop-item\" data-elementor-id=\"3143\" class=\"elementor elementor-3143 e-loop-item e-loop-item-12780 post-12780 experte type-experte status-publish hentry experten-kategorie-experten-favorit\" data-elementor-post-type=\"elementor_library\" data-custom-edit-handle=\"1\">\n\t\t\t<div class=\"elementor-element elementor-element-1a521c8 e-flex e-con-boxed e-con e-parent\" data-id=\"1a521c8\" data-element_type=\"container\">\n\t\t\t\t\t<div class=\"e-con-inner\">\n\t\t<div class=\"elementor-element elementor-element-fd2ecf3 e-con-full e-flex e-con e-child\" data-id=\"fd2ecf3\" data-element_type=\"container\">\n\t\t\t\t<div class=\"elementor-element elementor-element-05c23ce elementor-widget-mobile__width-initial elementor-widget elementor-widget-gallery\" data-id=\"05c23ce\" data-element_type=\"widget\" data-settings=\"{&quot;columns&quot;:1,&quot;aspect_ratio&quot;:&quot;1:1&quot;,&quot;columns_tablet&quot;:1,&quot;gallery_layout&quot;:&quot;grid&quot;,&quot;columns_mobile&quot;:1,&quot;gap&quot;:{&quot;unit&quot;:&quot;px&quot;,&quot;size&quot;:10,&quot;sizes&quot;:[]},&quot;gap_tablet&quot;:{&quot;unit&quot;:&quot;px&quot;,&quot;size&quot;:10,&quot;sizes&quot;:[]},&quot;gap_mobile&quot;:{&quot;unit&quot;:&quot;px&quot;,&quot;size&quot;:10,&quot;sizes&quot;:[]},&quot;link_to&quot;:&quot;file&quot;,&quot;content_hover_animation&quot;:&quot;fade-in&quot;}\" data-widget_type=\"gallery.default\">\n\t\t\t\t<div class=\"elementor-widget-container\">\n\t\t\t\t\t\t\t<div class=\"elementor-gallery__container\">\n\t\t\t\t\t\t\t<a class=\"e-gallery-item elementor-gallery-item elementor-animated-content\" href=\"https:\/\/lumoral.zeroplaque.ch\/wp-content\/uploads\/2024\/08\/praxisDienste-PAss-Leitung-Katrin-Meyer.png\" data-elementor-open-lightbox=\"yes\" data-elementor-lightbox-slideshow=\"05c23ce\" data-elementor-lightbox-title=\"praxisDienste-PAss-Leitung-Katrin-Meyer\" data-e-action-hash=\"#elementor-action%3Aaction%3Dlightbox%26settings%3DeyJpZCI6MTMyMDUsInVybCI6Imh0dHBzOlwvXC9sdW1vcmFsLnplcm9wbGFxdWUuY2hcL3dwLWNvbnRlbnRcL3VwbG9hZHNcLzIwMjRcLzA4XC9wcmF4aXNEaWVuc3RlLVBBc3MtTGVpdHVuZy1LYXRyaW4tTWV5ZXIucG5nIiwic2xpZGVzaG93IjoiMDVjMjNjZSJ9\">\n\t\t\t\t\t<div class=\"e-gallery-image elementor-gallery-item__image\" data-thumbnail=\"https:\/\/lumoral.zeroplaque.ch\/wp-content\/uploads\/2024\/08\/praxisDienste-PAss-Leitung-Katrin-Meyer.png\" data-width=\"250\" data-height=\"250\" aria-label=\"\" role=\"img\" ><\/div>\n\t\t\t\t\t\t\t\t\t\t\t\t\t\t<\/a>\n\t\t\t\t\t<\/div>\n\t\t\t\t\t<\/div>\n\t\t\t\t<\/div>\n\t\t\t\t<\/div>\n\t\t<div class=\"elementor-element elementor-element-3a2c8fb e-con-full e-flex e-con e-child\" data-id=\"3a2c8fb\" data-element_type=\"container\">\n\t\t\t\t<div class=\"elementor-element elementor-element-06fc190 elementor-blockquote--skin-quotation elementor-widget elementor-widget-blockquote\" data-id=\"06fc190\" data-element_type=\"widget\" data-widget_type=\"blockquote.default\">\n\t\t\t\t<div class=\"elementor-widget-container\">\n\t\t\t\t\t\t\t<blockquote class=\"elementor-blockquote\">\n\t\t\t<p class=\"elementor-blockquote__content\">\n\t\t\t\tRecommand\u00e9 individuellement par nos professionnels et facile et s\u00fbr \u00e0 utiliser par les patients... C'est exactement ce qui manquait \u00e0 notre gamme de traitements en tant que sp\u00e9cialistes de la prophylaxie. Le produit est tr\u00e8s simple \u00e0 utiliser et les r\u00e9sultats sont impressionnants. Les patients sont ravis !\t\t\t<\/p>\n\t\t\t\t\t\t\t<div class=\"e-q-footer\">\n\t\t\t\t\t\t\t\t\t\t\t<cite class=\"elementor-blockquote__author\"><b>Katrin Meyer<\/b><br>Hygi\u00e9niste dentaire (B. Sc.)<\/cite>\n\t\t\t\t\t\t\t\t\t\t\t\t\t\t<\/div>\n\t\t\t\t\t<\/blockquote>\n\t\t\t\t\t\t<\/div>\n\t\t\t\t<\/div>\n\t\t\t\t<\/div>\n\t\t\t\t\t<\/div>\n\t\t\t\t<\/div>\n\t\t\t\t<\/div>\n\t\t\t\t<div data-elementor-type=\"loop-item\" data-elementor-id=\"3143\" class=\"elementor elementor-3143 e-loop-item e-loop-item-12779 post-12779 experte type-experte status-publish hentry\" data-elementor-post-type=\"elementor_library\" data-custom-edit-handle=\"1\">\n\t\t\t<div class=\"elementor-element elementor-element-1a521c8 e-flex e-con-boxed e-con e-parent\" data-id=\"1a521c8\" data-element_type=\"container\">\n\t\t\t\t\t<div class=\"e-con-inner\">\n\t\t<div class=\"elementor-element elementor-element-fd2ecf3 e-con-full e-flex e-con e-child\" data-id=\"fd2ecf3\" data-element_type=\"container\">\n\t\t\t\t<div class=\"elementor-element elementor-element-05c23ce elementor-widget-mobile__width-initial elementor-widget elementor-widget-gallery\" data-id=\"05c23ce\" data-element_type=\"widget\" data-settings=\"{&quot;columns&quot;:1,&quot;aspect_ratio&quot;:&quot;1:1&quot;,&quot;columns_tablet&quot;:1,&quot;gallery_layout&quot;:&quot;grid&quot;,&quot;columns_mobile&quot;:1,&quot;gap&quot;:{&quot;unit&quot;:&quot;px&quot;,&quot;size&quot;:10,&quot;sizes&quot;:[]},&quot;gap_tablet&quot;:{&quot;unit&quot;:&quot;px&quot;,&quot;size&quot;:10,&quot;sizes&quot;:[]},&quot;gap_mobile&quot;:{&quot;unit&quot;:&quot;px&quot;,&quot;size&quot;:10,&quot;sizes&quot;:[]},&quot;link_to&quot;:&quot;file&quot;,&quot;content_hover_animation&quot;:&quot;fade-in&quot;}\" data-widget_type=\"gallery.default\">\n\t\t\t\t<div class=\"elementor-widget-container\">\n\t\t\t\t\t\t\t<div class=\"elementor-gallery__container\">\n\t\t\t\t\t\t\t<a class=\"e-gallery-item elementor-gallery-item elementor-animated-content\" href=\"https:\/\/lumoral.zeroplaque.ch\/wp-content\/uploads\/2024\/08\/praxisDienste-PAss-Vanessa-Faber-2022.png\" data-elementor-open-lightbox=\"yes\" data-elementor-lightbox-slideshow=\"05c23ce\" data-elementor-lightbox-title=\"praxisDienste-PAss-Vanessa-Faber-2022\" data-e-action-hash=\"#elementor-action%3Aaction%3Dlightbox%26settings%3DeyJpZCI6MTMyMDYsInVybCI6Imh0dHBzOlwvXC9sdW1vcmFsLnplcm9wbGFxdWUuY2hcL3dwLWNvbnRlbnRcL3VwbG9hZHNcLzIwMjRcLzA4XC9wcmF4aXNEaWVuc3RlLVBBc3MtVmFuZXNzYS1GYWJlci0yMDIyLnBuZyIsInNsaWRlc2hvdyI6IjA1YzIzY2UifQ%3D%3D\">\n\t\t\t\t\t<div class=\"e-gallery-image elementor-gallery-item__image\" data-thumbnail=\"https:\/\/lumoral.zeroplaque.ch\/wp-content\/uploads\/2024\/08\/praxisDienste-PAss-Vanessa-Faber-2022.png\" data-width=\"250\" data-height=\"250\" aria-label=\"\" role=\"img\" ><\/div>\n\t\t\t\t\t\t\t\t\t\t\t\t\t\t<\/a>\n\t\t\t\t\t<\/div>\n\t\t\t\t\t<\/div>\n\t\t\t\t<\/div>\n\t\t\t\t<\/div>\n\t\t<div class=\"elementor-element elementor-element-3a2c8fb e-con-full e-flex e-con e-child\" data-id=\"3a2c8fb\" data-element_type=\"container\">\n\t\t\t\t<div class=\"elementor-element elementor-element-06fc190 elementor-blockquote--skin-quotation elementor-widget elementor-widget-blockquote\" data-id=\"06fc190\" data-element_type=\"widget\" data-widget_type=\"blockquote.default\">\n\t\t\t\t<div class=\"elementor-widget-container\">\n\t\t\t\t\t\t\t<blockquote class=\"elementor-blockquote\">\n\t\t\t<p class=\"elementor-blockquote__content\">\n\t\t\t\tLumoral est une nouvelle approche du \u00ab contr\u00f4le de la plaque dentaire \u00e0 domicile \u00bb sans produits chimiques. La d\u00e9sinfection photodynamique \u00e0 domicile pr\u00e9sente un tr\u00e8s grand potentiel. Elle \u00e9largit consid\u00e9rablement notre gamme de traitements et augmente ainsi significativement les chances de r\u00e9ussite th\u00e9rapeutique.\t\t\t<\/p>\n\t\t\t\t\t\t\t<div class=\"e-q-footer\">\n\t\t\t\t\t\t\t\t\t\t\t<cite class=\"elementor-blockquote__author\"><b>Vanessa Faber<\/b><br>Hygi\u00e9niste dentaire (B. Sc.)<\/cite>\n\t\t\t\t\t\t\t\t\t\t\t\t\t\t<\/div>\n\t\t\t\t\t<\/blockquote>\n\t\t\t\t\t\t<\/div>\n\t\t\t\t<\/div>\n\t\t\t\t<\/div>\n\t\t\t\t\t<\/div>\n\t\t\t\t<\/div>\n\t\t\t\t<\/div>\n\t\t\t\t<\/div>\n\t\t\n\t\t\t\t\t\t<\/div>\n\t\t\t\t<\/div>\n\t\t\t\t\t<\/div>\n\t\t\t\t<\/div>\n\t\t\t\t<\/div>\n\t\t","protected":false},"excerpt":{"rendered":"<p>Avis des utilisateurs Lumoral \u2013 enthousiasme des professionnels !<\/p>\n","protected":false},"author":1,"featured_media":0,"parent":13289,"menu_order":22,"comment_status":"closed","ping_status":"closed","template":"","meta":{"_acf_changed":false,"_seopress_robots_primary_cat":"","_seopress_titles_title":"","_seopress_titles_desc":"","_seopress_robots_index":"","site-sidebar-layout":"no-sidebar","site-content-layout":"","ast-site-content-layout":"full-width-container","site-content-style":"default","site-sidebar-style":"default","ast-global-header-display":"","ast-banner-title-visibility":"","ast-main-header-display":"","ast-hfb-above-header-display":"","ast-hfb-below-header-display":"","ast-hfb-mobile-header-display":"","site-post-title":"disabled","ast-breadcrumbs-content":"","ast-featured-img":"disabled","footer-sml-layout":"","ast-disable-related-posts":"","theme-transparent-header-meta":"","adv-header-id-meta":"","stick-header-meta":"","header-above-stick-meta":"","header-main-stick-meta":"","header-below-stick-meta":"","astra-migrate-meta-layouts":"default","ast-page-background-enabled":"default","ast-page-background-meta":{"desktop":{"background-color":"var(--ast-global-color-4)","background-image":"","background-repeat":"repeat","background-position":"center center","background-size":"auto","background-attachment":"scroll","background-type":"","background-media":"","overlay-type":"","overlay-color":"","overlay-opacity":"","overlay-gradient":""},"tablet":{"background-color":"","background-image":"","background-repeat":"repeat","background-position":"center center","background-size":"auto","background-attachment":"scroll","background-type":"","background-media":"","overlay-type":"","overlay-color":"","overlay-opacity":"","overlay-gradient":""},"mobile":{"background-color":"","background-image":"","background-repeat":"repeat","background-position":"center center","background-size":"auto","background-attachment":"scroll","background-type":"","background-media":"","overlay-type":"","overlay-color":"","overlay-opacity":"","overlay-gradient":""}},"ast-content-background-meta":{"desktop":{"background-color":"var(--ast-global-color-5)","background-image":"","background-repeat":"repeat","background-position":"center center","background-size":"auto","background-attachment":"scroll","background-type":"","background-media":"","overlay-type":"","overlay-color":"","overlay-opacity":"","overlay-gradient":""},"tablet":{"background-color":"var(--ast-global-color-5)","background-image":"","background-repeat":"repeat","background-position":"center center","background-size":"auto","background-attachment":"scroll","background-type":"","background-media":"","overlay-type":"","overlay-color":"","overlay-opacity":"","overlay-gradient":""},"mobile":{"background-color":"var(--ast-global-color-5)","background-image":"","background-repeat":"repeat","background-position":"center center","background-size":"auto","background-attachment":"scroll","background-type":"","background-media":"","overlay-type":"","overlay-color":"","overlay-opacity":"","overlay-gradient":""}},"iawp_total_views":2,"footnotes":""},"class_list":["post-13285","page","type-page","status-publish","hentry"],"acf":[],"_links":{"self":[{"href":"https:\/\/lumoral.zeroplaque.ch\/fr\/wp-json\/wp\/v2\/pages\/13285","targetHints":{"allow":["GET"]}}],"collection":[{"href":"https:\/\/lumoral.zeroplaque.ch\/fr\/wp-json\/wp\/v2\/pages"}],"about":[{"href":"https:\/\/lumoral.zeroplaque.ch\/fr\/wp-json\/wp\/v2\/types\/page"}],"author":[{"embeddable":true,"href":"https:\/\/lumoral.zeroplaque.ch\/fr\/wp-json\/wp\/v2\/users\/1"}],"replies":[{"embeddable":true,"href":"https:\/\/lumoral.zeroplaque.ch\/fr\/wp-json\/wp\/v2\/comments?post=13285"}],"version-history":[{"count":5,"href":"https:\/\/lumoral.zeroplaque.ch\/fr\/wp-json\/wp\/v2\/pages\/13285\/revisions"}],"predecessor-version":[{"id":13340,"href":"https:\/\/lumoral.zeroplaque.ch\/fr\/wp-json\/wp\/v2\/pages\/13285\/revisions\/13340"}],"up":[{"embeddable":true,"href":"https:\/\/lumoral.zeroplaque.ch\/fr\/wp-json\/wp\/v2\/pages\/13289"}],"wp:attachment":[{"href":"https:\/\/lumoral.zeroplaque.ch\/fr\/wp-json\/wp\/v2\/media?parent=13285"}],"curies":[{"name":"wp","href":"https:\/\/api.w.org\/{rel}","templated":true}]}}