{"id":13341,"date":"2024-08-29T13:48:43","date_gmt":"2024-08-29T11:48:43","guid":{"rendered":"https:\/\/lumoral.zeroplaque.ch\/professionnel\/kontakt\/"},"modified":"2025-09-23T10:39:36","modified_gmt":"2025-09-23T08:39:36","slug":"contact","status":"publish","type":"page","link":"https:\/\/lumoral.zeroplaque.ch\/fr\/professionnel\/contact\/","title":{"rendered":"Contact"},"content":{"rendered":"\t\t<div data-elementor-type=\"wp-page\" data-elementor-id=\"13341\" class=\"elementor elementor-13341 elementor-3329\" data-elementor-post-type=\"page\">\n\t\t\t\t<div data-dce-background-image-url=\"https:\/\/lumoral.zeroplaque.ch\/wp-content\/uploads\/2024\/08\/Lumoral-Banner-Rechtlich.jpg\" class=\"elementor-element elementor-element-fc47486 e-flex e-con-boxed e-con e-parent\" data-id=\"fc47486\" data-element_type=\"container\" data-settings=\"{&quot;background_background&quot;:&quot;classic&quot;}\">\n\t\t\t\t\t<div class=\"e-con-inner\">\n\t\t\t\t\t<\/div>\n\t\t\t\t<\/div>\n\t\t<div class=\"elementor-element elementor-element-1daf51d e-flex e-con-boxed e-con e-parent\" data-id=\"1daf51d\" data-element_type=\"container\">\n\t\t\t\t\t<div class=\"e-con-inner\">\n\t\t<div class=\"elementor-element elementor-element-4e0ca8b e-con-full e-flex e-con e-child\" data-id=\"4e0ca8b\" data-element_type=\"container\">\n\t\t\t\t<div class=\"elementor-element elementor-element-8027871 elementor-widget elementor-widget-heading\" data-id=\"8027871\" data-element_type=\"widget\" data-widget_type=\"heading.default\">\n\t\t\t\t<div class=\"elementor-widget-container\">\n\t\t\t\t\t<h1 class=\"elementor-heading-title elementor-size-default\">Contact<\/h1>\t\t\t\t<\/div>\n\t\t\t\t<\/div>\n\t\t\t\t<div class=\"elementor-element elementor-element-459d3c2 elementor-widget elementor-widget-heading\" data-id=\"459d3c2\" data-element_type=\"widget\" data-widget_type=\"heading.default\">\n\t\t\t\t<div class=\"elementor-widget-container\">\n\t\t\t\t\t<h2 class=\"elementor-heading-title elementor-size-default\">Votre contact chez Lumoral<\/h2>\t\t\t\t<\/div>\n\t\t\t\t<\/div>\n\t\t<div class=\"elementor-element elementor-element-13d3850 e-con-full e-flex e-con e-child\" data-id=\"13d3850\" data-element_type=\"container\">\n\t\t\t\t<div class=\"elementor-element elementor-element-7eda501 elementor-widget elementor-widget-text-editor\" data-id=\"7eda501\" data-element_type=\"widget\" data-widget_type=\"text-editor.default\">\n\t\t\t\t<div class=\"elementor-widget-container\">\n\t\t\t\t\t\t\t\t\t<div id=\"quform-979ae8\" class=\"quform quform-17 quform-support-page-caching quform-is-first-page\"><form id=\"quform-form-979ae8\" class=\"quform-form quform-form-17\" action=\"\/fr\/wp-json\/wp\/v2\/pages\/13341#quform-979ae8\" method=\"post\" enctype=\"multipart\/form-data\" novalidate=\"novalidate\" data-options=\"{&quot;id&quot;:17,&quot;uniqueId&quot;:&quot;979ae8&quot;,&quot;theme&quot;:&quot;&quot;,&quot;ajax&quot;:true,&quot;logic&quot;:{&quot;logic&quot;:[],&quot;dependents&quot;:[],&quot;elementIds&quot;:[],&quot;dependentElementIds&quot;:[],&quot;animate&quot;:true},&quot;currentPageId&quot;:1,&quot;errorsIcon&quot;:&quot;&quot;,&quot;updateFancybox&quot;:true,&quot;hasPages&quot;:true,&quot;pages&quot;:[1,24,31],&quot;pageProgressType&quot;:&quot;numbers&quot;,&quot;tooltipsEnabled&quot;:true,&quot;tooltipClasses&quot;:&quot;qtip-quform-dark qtip-shadow&quot;,&quot;tooltipMy&quot;:&quot;left center&quot;,&quot;tooltipAt&quot;:&quot;right center&quot;,&quot;isRtl&quot;:false,&quot;scrollOffset&quot;:-50,&quot;scrollSpeed&quot;:800}\"><button class=\"quform-default-submit\" name=\"quform_submit\" type=\"submit\" value=\"submit\" aria-hidden=\"true\" tabindex=\"-1\"><\/button><div class=\"quform-form-inner quform-form-inner-17\"><input type=\"hidden\" name=\"quform_form_id\" value=\"17\" \/><input type=\"hidden\" name=\"quform_form_uid\" value=\"979ae8\" \/><input type=\"hidden\" name=\"quform_count\" value=\"1\" \/><input type=\"hidden\" name=\"form_url\" value=\"https:\/\/lumoral.zeroplaque.ch\/fr\/wp-json\/wp\/v2\/pages\/13341\" \/><input type=\"hidden\" name=\"referring_url\" value=\"\" \/><input type=\"hidden\" name=\"post_id\" value=\"\" \/><input type=\"hidden\" name=\"post_title\" value=\"\" \/><input type=\"hidden\" name=\"quform_current_page_id\" value=\"1\" \/><input type=\"hidden\" name=\"quform_loaded\" value=\"1776849398|0ea1bf46f5f22bafef93cb72e82e063a\" \/><input type=\"hidden\" name=\"quform_csrf_token\" value=\"RXtmnStsoSIGDq2jw6zFMy1lVVV36z2TdkER32MR\" \/><div class=\"quform-elements quform-elements-17 quform-cf quform-responsive-elements-phone-landscape\"><div class=\"quform-page-progress quform-page-progress-type-numbers\"><div class=\"quform-page-progress-bar\" style=\"width: 33%;\"><span class=\"quform-page-progress-text\">Seite <span class=\"quform-page-progress-number\">1<\/span> von 3<\/span><\/div><\/div><div class=\"quform-element quform-element-page quform-page-1 quform-page-17_1 quform-cf quform-group-style-plain quform-first-page quform-current-page\"><div class=\"quform-child-elements\"><div class=\"quform-element quform-element-text quform-element-17_3 quform-cf quform-element-optional\"><div class=\"quform-spacer\"><div class=\"quform-label quform-label-17_3\"><label class=\"quform-label-text\" for=\"quform_17_3_979ae8\">Praxis<\/label><\/div><div class=\"quform-inner quform-inner-text quform-inner-17_3\"><div class=\"quform-input quform-input-text quform-input-17_3 quform-cf\"><input type=\"text\" id=\"quform_17_3_979ae8\" name=\"quform_17_3\" class=\"quform-field quform-field-text quform-field-17_3\" \/><\/div><\/div><\/div><\/div><div class=\"quform-element quform-element-row quform-element-row-17_4 quform-2-columns quform-element-row-size-fixed quform-responsive-columns-phone-landscape\"><div class=\"quform-element quform-element-column quform-element-17_5\"><div class=\"quform-element quform-element-select quform-element-17_7 quform-cf quform-element-required\"><div class=\"quform-spacer\"><div class=\"quform-label quform-label-17_7\"><label class=\"quform-label-text\" for=\"quform_17_7_979ae8\">Anrede<span class=\"quform-required\">*<\/span><\/label><\/div><div class=\"quform-inner quform-inner-select quform-inner-17_7\"><div class=\"quform-input quform-input-select quform-input-17_7 quform-cf\"><select id=\"quform_17_7_979ae8\" name=\"quform_17_7\" class=\"quform-field quform-field-select quform-field-17_7\"><option value=\"\" selected=\"selected\">Veuillez s\u00e9lectionner<\/option><option value=\"Frau\">Frau<\/option><option value=\"Herr\">Herr<\/option><option value=\"-\">&#8211;<\/option><\/select><\/div><\/div><\/div><\/div><\/div><div class=\"quform-element quform-element-column quform-element-17_6\"><\/div><\/div><div class=\"quform-element quform-element-row quform-element-row-17_8 quform-2-columns quform-element-row-size-fixed quform-responsive-columns-phone-landscape\"><div class=\"quform-element quform-element-column quform-element-17_9\"><div class=\"quform-element quform-element-text quform-element-17_11 quform-cf quform-element-required\"><div class=\"quform-spacer\"><div class=\"quform-label quform-label-17_11\"><label class=\"quform-label-text\" for=\"quform_17_11_979ae8\">Vorname<span class=\"quform-required\">*<\/span><\/label><\/div><div class=\"quform-inner quform-inner-text quform-inner-17_11\"><div class=\"quform-input quform-input-text quform-input-17_11 quform-cf\"><input type=\"text\" id=\"quform_17_11_979ae8\" name=\"quform_17_11\" class=\"quform-field quform-field-text quform-field-17_11\" \/><\/div><\/div><\/div><\/div><\/div><div class=\"quform-element quform-element-column quform-element-17_10\"><div class=\"quform-element quform-element-text quform-element-17_12 quform-cf quform-element-required\"><div class=\"quform-spacer\"><div class=\"quform-label quform-label-17_12\"><label class=\"quform-label-text\" for=\"quform_17_12_979ae8\">Nachname<span class=\"quform-required\">*<\/span><\/label><\/div><div class=\"quform-inner quform-inner-text quform-inner-17_12\"><div class=\"quform-input quform-input-text quform-input-17_12 quform-cf\"><input type=\"text\" id=\"quform_17_12_979ae8\" name=\"quform_17_12\" class=\"quform-field quform-field-text quform-field-17_12\" \/><\/div><\/div><\/div><\/div><\/div><\/div><div class=\"quform-element quform-element-row quform-element-row-17_13 quform-2-columns quform-element-row-size-fixed quform-responsive-columns-phone-landscape\"><div class=\"quform-element quform-element-column quform-element-17_14\"><div class=\"quform-element quform-element-text quform-element-17_16 quform-cf quform-element-optional\"><div class=\"quform-spacer\"><div class=\"quform-label quform-label-17_16\"><label class=\"quform-label-text\" for=\"quform_17_16_979ae8\">Stra\u00dfe<\/label><\/div><div class=\"quform-inner quform-inner-text quform-inner-17_16\"><div class=\"quform-input quform-input-text quform-input-17_16 quform-cf\"><input type=\"text\" id=\"quform_17_16_979ae8\" name=\"quform_17_16\" class=\"quform-field quform-field-text quform-field-17_16\" \/><\/div><\/div><\/div><\/div><\/div><div class=\"quform-element quform-element-column quform-element-17_15\"><div class=\"quform-element quform-element-text quform-element-17_17 quform-cf quform-element-optional\"><div class=\"quform-spacer\"><div class=\"quform-label quform-label-17_17\"><label class=\"quform-label-text\" for=\"quform_17_17_979ae8\">Nr<\/label><\/div><div class=\"quform-inner quform-inner-text quform-inner-17_17\"><div class=\"quform-input quform-input-text quform-input-17_17 quform-cf\"><input type=\"text\" id=\"quform_17_17_979ae8\" name=\"quform_17_17\" class=\"quform-field quform-field-text quform-field-17_17\" \/><\/div><\/div><\/div><\/div><\/div><\/div><div class=\"quform-element quform-element-row quform-element-row-17_18 quform-2-columns quform-element-row-size-fixed quform-responsive-columns-phone-landscape\"><div class=\"quform-element quform-element-column quform-element-17_19\"><div class=\"quform-element quform-element-text quform-element-17_21 quform-cf quform-element-optional\"><div class=\"quform-spacer\"><div class=\"quform-label quform-label-17_21\"><label class=\"quform-label-text\" for=\"quform_17_21_979ae8\">PLZ<\/label><\/div><div class=\"quform-inner quform-inner-text quform-inner-17_21\"><div class=\"quform-input quform-input-text quform-input-17_21 quform-cf\"><input type=\"text\" id=\"quform_17_21_979ae8\" name=\"quform_17_21\" class=\"quform-field quform-field-text quform-field-17_21\" \/><\/div><\/div><\/div><\/div><\/div><div class=\"quform-element quform-element-column quform-element-17_20\"><div class=\"quform-element quform-element-text quform-element-17_22 quform-cf quform-element-optional\"><div class=\"quform-spacer\"><div class=\"quform-label quform-label-17_22\"><label class=\"quform-label-text\" for=\"quform_17_22_979ae8\">Ort<\/label><\/div><div class=\"quform-inner quform-inner-text quform-inner-17_22\"><div class=\"quform-input quform-input-text quform-input-17_22 quform-cf\"><input type=\"text\" id=\"quform_17_22_979ae8\" name=\"quform_17_22\" class=\"quform-field quform-field-text quform-field-17_22\" \/><\/div><\/div><\/div><\/div><\/div><\/div><div class=\"quform-element quform-element-email quform-element-17_23 quform-cf quform-element-required\"><div class=\"quform-spacer\"><div class=\"quform-label quform-label-17_23\"><label class=\"quform-label-text\" for=\"quform_17_23_979ae8\">E-Mail-Adresse<span class=\"quform-required\">*<\/span><\/label><\/div><div class=\"quform-inner quform-inner-email quform-inner-17_23\"><div class=\"quform-input quform-input-email quform-input-17_23 quform-cf\"><input type=\"email\" id=\"quform_17_23_979ae8\" name=\"quform_17_23\" class=\"quform-field quform-field-email quform-field-17_23\" \/><\/div><\/div><\/div><\/div><div class=\"quform-element quform-element-submit quform-element-17_2 quform-cf quform-button-style-theme\"><div class=\"quform-button-next quform-button-next-default quform-button-next-17_2\"><button name=\"quform_submit\" type=\"submit\" class=\"quform-next\" value=\"submit\"><span class=\"quform-button-text quform-button-next-text\">weiter<\/span><\/button><\/div><div class=\"quform-loading quform-loading-position-left quform-loading-type-spinner-1\"><div class=\"quform-loading-inner\"><div class=\"quform-loading-spinner\"><div class=\"quform-loading-spinner-inner\"><\/div><\/div><\/div><\/div><\/div><\/div><\/div><div class=\"quform-element quform-element-page quform-page-24 quform-page-17_24 quform-cf quform-group-style-plain\"><div class=\"quform-child-elements\"><div class=\"quform-element quform-element-textarea quform-element-17_26 quform-cf quform-element-required\"><div class=\"quform-spacer\"><div class=\"quform-label quform-label-17_26\"><label class=\"quform-label-text\" for=\"quform_17_26_979ae8\">Nachricht<span class=\"quform-required\">*<\/span><\/label><\/div><div class=\"quform-inner quform-inner-textarea quform-inner-17_26\"><div class=\"quform-input quform-input-textarea quform-input-17_26 quform-cf\"><textarea id=\"quform_17_26_979ae8\" name=\"quform_17_26\" class=\"quform-field quform-field-textarea quform-field-17_26\"><\/textarea><\/div><\/div><\/div><\/div><div class=\"quform-element quform-element-submit quform-element-17_25 quform-cf quform-button-style-theme\"><div class=\"quform-button-back quform-button-back-default quform-button-back-17_25\"><button name=\"quform_submit\" type=\"submit\" class=\"quform-back\" value=\"back\"><span class=\"quform-button-text quform-button-back-text\">zur\u00fcck<\/span><\/button><\/div><div class=\"quform-button-next quform-button-next-default quform-button-next-17_25\"><button name=\"quform_submit\" type=\"submit\" class=\"quform-next\" value=\"submit\"><span class=\"quform-button-text quform-button-next-text\">weiter<\/span><\/button><\/div><div class=\"quform-loading quform-loading-position-left quform-loading-type-spinner-1\"><div class=\"quform-loading-inner\"><div class=\"quform-loading-spinner\"><div class=\"quform-loading-spinner-inner\"><\/div><\/div><\/div><\/div><\/div><\/div><\/div><div class=\"quform-element quform-element-page quform-page-31 quform-page-17_31 quform-cf quform-group-style-plain quform-last-page\"><div class=\"quform-child-elements\"><div class=\"quform-element quform-element-checkbox quform-element-17_33 quform-cf quform-element-optional\"><div class=\"quform-spacer\"><div class=\"quform-label quform-label-17_33\"><label class=\"quform-label-text\" id=\"quform_17_33_979ae8_label\">Lumoral Newsletter<\/label><\/div><div class=\"quform-inner quform-inner-checkbox quform-inner-17_33\"><div class=\"quform-input quform-input-checkbox quform-input-17_33 quform-cf\"><div class=\"quform-options quform-cf quform-options-block quform-options-simple\" role=\"group\" aria-labelledby=\"quform_17_33_979ae8_label\"><div class=\"quform-option\"><input type=\"checkbox\" name=\"quform_17_33[]\" id=\"quform_17_33_979ae8_1\" class=\"quform-field quform-field-checkbox quform-field-17_33 quform-field-17_33_1\" value=\"Ja, ich m\u00f6chte zuk\u00fcnftig Informationen und den aktuellen Newsletter per E-Mail erhalten.\" \/><label for=\"quform_17_33_979ae8_1\" class=\"quform-option-label quform-option-label-17_33_1\"><span class=\"quform-option-text\">Ja, ich m\u00f6chte zuk\u00fcnftig Informationen und den aktuellen Newsletter per E-Mail erhalten.<\/span><\/label><\/div><\/div><\/div><p class=\"quform-description quform-description-below\">Ich willige ein, dass meine Angaben f\u00fcr die Versendung unseres Newsletter verwendet werden. Diese Einwilligung ist jederzeit mit Wirkung f\u00fcr die Zukunft widerrufbar, indem Sie eine E-Mail an info@white-cross.info schicken. Weitere Hinweise entnehmen Sie bitte unserer <a href=\"https:\/\/www.lumoral.de\/datenschutz\" style=\"color: white\" target=\"_blank\">Datenschutzerkl\u00e4rung.<\/a><\/p><\/div><\/div><\/div><div class=\"quform-element quform-element-checkbox quform-element-17_38 quform-cf quform-element-required\"><div class=\"quform-spacer\"><div class=\"quform-label quform-label-17_38\"><label class=\"quform-label-text\" id=\"quform_17_38_979ae8_label\">Datenschutz &amp; Einwilligung<span class=\"quform-required\">*<\/span><\/label><\/div><div class=\"quform-inner quform-inner-checkbox quform-inner-17_38\"><div class=\"quform-input quform-input-checkbox quform-input-17_38 quform-cf\"><div class=\"quform-options quform-cf quform-options-block quform-options-simple\" role=\"group\" aria-labelledby=\"quform_17_38_979ae8_label\"><div class=\"quform-option\"><input type=\"checkbox\" name=\"quform_17_38[]\" id=\"quform_17_38_979ae8_1\" class=\"quform-field quform-field-checkbox quform-field-17_38 quform-field-17_38_1\" value=\"Ich willige ein, dass meine Angaben f\u00fcr die Kontaktaufnahme, Angebote und Information sowie f\u00fcr eventuelle R\u00fcckfragen gespeichert und genutzt werden. Diese Einwilligung kann ich jederzeit mit Wirkung f\u00fcr die Zukunft widerrufen, indem ich eine E-Mail an info@white-cross.info sende. Die Hinweise in der &lt;a href=&quot;https:\/\/www.lumoral.de\/datenschutz\/&quot; target=&quot;_blank&quot;&gt;Datenschutzerkl\u00e4rung&lt;\/a&gt; habe ich gelesen und erkl\u00e4re mich damit einverstanden.\" \/><label for=\"quform_17_38_979ae8_1\" class=\"quform-option-label quform-option-label-17_38_1\"><span class=\"quform-option-text\">Ich willige ein, dass meine Angaben f\u00fcr die Kontaktaufnahme, Angebote und Information sowie f\u00fcr eventuelle R\u00fcckfragen gespeichert und genutzt werden. Diese Einwilligung kann ich jederzeit mit Wirkung f\u00fcr die Zukunft widerrufen, indem ich eine E-Mail an info@white-cross.info sende. Die Hinweise in der <a href=\"https:\/\/www.lumoral.de\/datenschutz\/\" target=\"_blank\">Datenschutzerkl\u00e4rung<\/a> habe ich gelesen und erkl\u00e4re mich damit einverstanden.<\/span><\/label><\/div><\/div><\/div><\/div><\/div><\/div><div class=\"quform-element quform-element-submit quform-element-17_32 quform-cf quform-button-style-theme\"><div class=\"quform-button-back quform-button-back-default quform-button-back-17_32\"><button name=\"quform_submit\" type=\"submit\" class=\"quform-back\" value=\"back\"><span class=\"quform-button-text quform-button-back-text\">zur\u00fcck<\/span><\/button><\/div><div class=\"quform-button-submit quform-button-submit-default quform-button-submit-17_32\"><button name=\"quform_submit\" type=\"submit\" class=\"quform-submit\" value=\"submit\"><span class=\"quform-button-text quform-button-submit-text\">Anfrage absenden<\/span><\/button><\/div><div class=\"quform-loading quform-loading-position-left quform-loading-type-spinner-1\"><div class=\"quform-loading-inner\"><div class=\"quform-loading-spinner\"><div class=\"quform-loading-spinner-inner\"><\/div><\/div><\/div><\/div><\/div><div class=\"quform-element quform-element-textarea quform-element-17_438689 quform-sr-only quform-cf\" style=\"clip: rect(1px, 1px, 1px, 1px); clip-path: inset(50%); position: absolute !important; height: 1px; width: 1px; overflow: hidden;\"><div class=\"quform-spacer\"><div class=\"quform-label quform-label-17_438689\"><label class=\"quform-label-text\" for=\"quform_17_438689_979ae8\">Contact Email<span class=\"quform-required\">*<\/span><\/label><\/div><div class=\"quform-inner quform-inner-17_438689\"><textarea id=\"quform_17_438689_979ae8\" name=\"quform_17_438689\" class=\"quform-field quform-field-textarea quform-field-17_438689\" tabindex=\"-1\" autocomplete=\"new-password\"><\/textarea><\/div><\/div><\/div><\/div><\/div><\/div><\/div><\/form><\/div>\t\t\t\t\t\t\t\t<\/div>\n\t\t\t\t<\/div>\n\t\t\t\t<\/div>\n\t\t\t\t<\/div>\n\t\t<div class=\"elementor-element elementor-element-b1100bb e-con-full e-flex e-con e-child\" data-id=\"b1100bb\" data-element_type=\"container\">\n\t\t\t\t<div class=\"elementor-element elementor-element-966913e elementor-widget elementor-widget-image\" data-id=\"966913e\" data-element_type=\"widget\" data-settings=\"{&quot;sticky&quot;:&quot;top&quot;,&quot;sticky_on&quot;:[&quot;desktop&quot;,&quot;tablet&quot;],&quot;sticky_offset&quot;:140,&quot;sticky_parent&quot;:&quot;yes&quot;,&quot;sticky_effects_offset&quot;:0,&quot;sticky_anchor_link_offset&quot;:0}\" data-widget_type=\"image.default\">\n\t\t\t\t<div class=\"elementor-widget-container\">\n\t\t\t\t\t\t\t\t\t\t\t\t\t\t\t<img fetchpriority=\"high\" decoding=\"async\" width=\"446\" height=\"145\" src=\"https:\/\/lumoral.zeroplaque.ch\/wp-content\/uploads\/2025\/09\/LumoralPRO-Logo-CH.svg\" class=\"attachment-large size-large wp-image-13116\" alt=\"\" \/>\t\t\t\t\t\t\t\t\t\t\t\t\t\t\t<\/div>\n\t\t\t\t<\/div>\n\t\t\t\t<\/div>\n\t\t\t\t\t<\/div>\n\t\t\t\t<\/div>\n\t\t\t\t<\/div>\n\t\t","protected":false},"excerpt":{"rendered":"<p>Contact Votre contact chez Lumoral<\/p>\n","protected":false},"author":1,"featured_media":0,"parent":13076,"menu_order":26,"comment_status":"closed","ping_status":"closed","template":"","meta":{"_acf_changed":false,"_seopress_robots_primary_cat":"","_seopress_titles_title":"","_seopress_titles_desc":"","_seopress_robots_index":"","site-sidebar-layout":"no-sidebar","site-content-layout":"","ast-site-content-layout":"full-width-container","site-content-style":"default","site-sidebar-style":"default","ast-global-header-display":"","ast-banner-title-visibility":"","ast-main-header-display":"","ast-hfb-above-header-display":"","ast-hfb-below-header-display":"","ast-hfb-mobile-header-display":"","site-post-title":"disabled","ast-breadcrumbs-content":"","ast-featured-img":"disabled","footer-sml-layout":"","ast-disable-related-posts":"","theme-transparent-header-meta":"","adv-header-id-meta":"","stick-header-meta":"","header-above-stick-meta":"","header-main-stick-meta":"","header-below-stick-meta":"","astra-migrate-meta-layouts":"default","ast-page-background-enabled":"default","ast-page-background-meta":{"desktop":{"background-color":"var(--ast-global-color-4)","background-image":"","background-repeat":"repeat","background-position":"center center","background-size":"auto","background-attachment":"scroll","background-type":"","background-media":"","overlay-type":"","overlay-color":"","overlay-opacity":"","overlay-gradient":""},"tablet":{"background-color":"","background-image":"","background-repeat":"repeat","background-position":"center center","background-size":"auto","background-attachment":"scroll","background-type":"","background-media":"","overlay-type":"","overlay-color":"","overlay-opacity":"","overlay-gradient":""},"mobile":{"background-color":"","background-image":"","background-repeat":"repeat","background-position":"center center","background-size":"auto","background-attachment":"scroll","background-type":"","background-media":"","overlay-type":"","overlay-color":"","overlay-opacity":"","overlay-gradient":""}},"ast-content-background-meta":{"desktop":{"background-color":"var(--ast-global-color-5)","background-image":"","background-repeat":"repeat","background-position":"center center","background-size":"auto","background-attachment":"scroll","background-type":"","background-media":"","overlay-type":"","overlay-color":"","overlay-opacity":"","overlay-gradient":""},"tablet":{"background-color":"var(--ast-global-color-5)","background-image":"","background-repeat":"repeat","background-position":"center center","background-size":"auto","background-attachment":"scroll","background-type":"","background-media":"","overlay-type":"","overlay-color":"","overlay-opacity":"","overlay-gradient":""},"mobile":{"background-color":"var(--ast-global-color-5)","background-image":"","background-repeat":"repeat","background-position":"center center","background-size":"auto","background-attachment":"scroll","background-type":"","background-media":"","overlay-type":"","overlay-color":"","overlay-opacity":"","overlay-gradient":""}},"iawp_total_views":2,"footnotes":""},"class_list":["post-13341","page","type-page","status-publish","hentry"],"acf":[],"_links":{"self":[{"href":"https:\/\/lumoral.zeroplaque.ch\/fr\/wp-json\/wp\/v2\/pages\/13341","targetHints":{"allow":["GET"]}}],"collection":[{"href":"https:\/\/lumoral.zeroplaque.ch\/fr\/wp-json\/wp\/v2\/pages"}],"about":[{"href":"https:\/\/lumoral.zeroplaque.ch\/fr\/wp-json\/wp\/v2\/types\/page"}],"author":[{"embeddable":true,"href":"https:\/\/lumoral.zeroplaque.ch\/fr\/wp-json\/wp\/v2\/users\/1"}],"replies":[{"embeddable":true,"href":"https:\/\/lumoral.zeroplaque.ch\/fr\/wp-json\/wp\/v2\/comments?post=13341"}],"version-history":[{"count":5,"href":"https:\/\/lumoral.zeroplaque.ch\/fr\/wp-json\/wp\/v2\/pages\/13341\/revisions"}],"predecessor-version":[{"id":13347,"href":"https:\/\/lumoral.zeroplaque.ch\/fr\/wp-json\/wp\/v2\/pages\/13341\/revisions\/13347"}],"up":[{"embeddable":true,"href":"https:\/\/lumoral.zeroplaque.ch\/fr\/wp-json\/wp\/v2\/pages\/13076"}],"wp:attachment":[{"href":"https:\/\/lumoral.zeroplaque.ch\/fr\/wp-json\/wp\/v2\/media?parent=13341"}],"curies":[{"name":"wp","href":"https:\/\/api.w.org\/{rel}","templated":true}]}}